{"id":1118,"date":"2013-12-01T19:02:04","date_gmt":"2013-12-01T18:02:04","guid":{"rendered":"http:\/\/www.hum-id.com\/?page_id=1118"},"modified":"2026-05-12T18:26:41","modified_gmt":"2026-05-12T17:26:41","slug":"sensoren","status":"publish","type":"page","link":"https:\/\/www.hum-id.com\/en\/das-system\/sensoren\/","title":{"rendered":"Buy HUM-ID sensors and scanners"},"content":{"rendered":"<div id=\"fws_6a04c2b00961e\"  data-column-margin=\"default\" data-midnight=\"dark\"  class=\"wpb_row vc_row-fluid vc_row\"  style=\"padding-top: 0px; padding-bottom: 0px; \"><div class=\"row-bg-wrap\" data-bg-animation=\"none\" data-bg-overlay=\"false\"><div class=\"inner-wrap\"><div class=\"row-bg viewport-desktop\"  style=\"\"><\/div><\/div><\/div><div class=\"row_col_wrap_12 col span_12 dark left\">\n\t<div  class=\"vc_col-sm-12 wpb_column column_container vc_column_container col no-extra-padding inherit_tablet inherit_phone\"  data-padding-pos=\"all\" data-has-bg-color=\"false\" data-bg-color=\"\" data-bg-opacity=\"1\" data-animation=\"\" data-delay=\"0\" >\n\t\t<div class=\"vc_column-inner\" >\n\t\t\t<div class=\"wpb_wrapper\">\n\t\t\t\t\n<div class=\"wpb_text_column wpb_content_element\" >\n\t<div class=\"wpb_wrapper\">\n\t\t<div class=\"aioseo-card\">\n<div aria-expanded=\"true\">\n<div class=\"content\">\n<div class=\"aioseo-settings-row aioseo-display-info aioseo-row\">\n<div class=\"aioseo-col col-xs-12 col-md-9 text-xs-left\">\n<div class=\"settings-content\">\n<div class=\"displayInfo-show-content\">\n<div aria-expanded=\"true\">\n<div class=\"copy-box\">\n<div>\n<div class=\"aioseo-copy-block\">\n<div class=\"message\"><div class=\"aioseo-breadcrumbs\"><span class=\"aioseo-breadcrumb\">\n\t\t\t<a href=\"https:\/\/www.hum-id.com\/en\" title=\"Home\">Home<\/a>\n\t\t<\/span><span class=\"aioseo-breadcrumb-separator\">&raquo;<\/span><span class=\"aioseo-breadcrumb\">\n\t\t\t<a href=\"https:\/\/www.hum-id.com\/en\/das-system\/\" title=\"The System\">The System<\/a>\n\t\t<\/span><span class=\"aioseo-breadcrumb-separator\">&raquo;<\/span><span class=\"aioseo-breadcrumb\">\n\t\t\tBuy HUM-ID sensors and scanners\n\t\t<\/span><\/div><\/div>\n<\/div>\n<\/div>\n<\/div>\n<\/div>\n<\/div>\n<\/div>\n<\/div>\n<\/div>\n<\/div>\n<\/div>\n<\/div>\n\t<\/div>\n<\/div>\n\n\n\n\n\t\t\t<\/div> \n\t\t<\/div>\n\t<\/div> \n<\/div><\/div>\n\t\t<div id=\"fws_6a04c2b00b727\"  data-column-margin=\"default\" data-midnight=\"dark\"  class=\"wpb_row vc_row-fluid vc_row full-width-content vc_row-o-equal-height vc_row-flex vc_row-o-content-top\"  style=\"padding-top: 0px; padding-bottom: 0px; \"><div class=\"row-bg-wrap\" data-bg-animation=\"none\" data-bg-overlay=\"false\"><div class=\"inner-wrap\"><div class=\"row-bg viewport-desktop\"  style=\"\"><\/div><\/div><\/div><div class=\"row_col_wrap_12 col span_12 dark left\">\n\t<div  class=\"vc_col-sm-6 wpb_column column_container vc_column_container col padding-4-percent inherit_tablet inherit_phone\"  data-padding-pos=\"all\" data-has-bg-color=\"false\" data-bg-color=\"\" data-bg-opacity=\"1\" data-animation=\"\" data-delay=\"0\" >\n\t\t<div class=\"vc_column-inner\" >\n\t\t\t<div class=\"wpb_wrapper\">\n\t\t\t\t<div class=\"nectar_image_with_hotspots\" data-stlye=\"color_pulse\" data-hotspot-icon=\"plus_sign\" data-size=\"medium\" data-color=\"accent-color\" data-tooltip-func=\"hover\" data-tooltip_shadow=\"none\" data-animation=\"true\"><img loading=\"lazy\" decoding=\"async\" width=\"1920\" height=\"1080\" src=\"https:\/\/www.hum-id.com\/wp-content\/uploads\/2026\/05\/wd1-web.webp\" class=\"attachment-full size-full\" alt=\"\" srcset=\"https:\/\/www.hum-id.com\/wp-content\/uploads\/2026\/05\/wd1-web.webp 1920w, https:\/\/www.hum-id.com\/wp-content\/uploads\/2026\/05\/wd1-web-300x169.webp 300w, https:\/\/www.hum-id.com\/wp-content\/uploads\/2026\/05\/wd1-web-1024x576.webp 1024w, https:\/\/www.hum-id.com\/wp-content\/uploads\/2026\/05\/wd1-web-768x432.webp 768w, https:\/\/www.hum-id.com\/wp-content\/uploads\/2026\/05\/wd1-web-1536x864.webp 1536w, https:\/\/www.hum-id.com\/wp-content\/uploads\/2026\/05\/wd1-web-18x10.webp 18w\" sizes=\"auto, (max-width: 1920px) 100vw, 1920px\" \/><div class=\"nectar_hotspot_wrap\" style=\"top: 56.76786287233416%; left: 26.66033609576427%;\"><div class=\"nectar_hotspot\"><span><\/span><\/div><div class=\"nttip\" data-tooltip-position=\"top\"><div class=\"inner\">Made in Germany<\/div><\/div><\/div><div class=\"nectar_hotspot_wrap\" style=\"top: 44.94570092784788%; left: 51.59415285451197%;\"><div class=\"nectar_hotspot\"><span><\/span><\/div><div class=\"nttip\" data-tooltip-position=\"top\"><div class=\"inner\">kabel- und batterielos<\/div><\/div><\/div><div class=\"nectar_hotspot_wrap\" style=\"top: 29.660274752977696%; left: 71.51243093922652%;\"><div class=\"nectar_hotspot\"><span><\/span><\/div><div class=\"nttip\" data-tooltip-position=\"top\"><div class=\"inner\">Lokalisierung per Ortung<\/div><\/div><\/div><\/div>\n\t\t\t<\/div> \n\t\t<\/div>\n\t<\/div> \n\n\t<div  class=\"vc_col-sm-6 wpb_column column_container vc_column_container col padding-4-percent inherit_tablet inherit_phone\"  data-padding-pos=\"all\" data-has-bg-color=\"false\" data-bg-color=\"\" data-bg-opacity=\"1\" data-animation=\"\" data-delay=\"0\" >\n\t\t<div class=\"vc_column-inner\" >\n\t\t\t<div class=\"wpb_wrapper\">\n\t\t\t\t<div class=\"nectar-split-heading\" data-align=\"default\" data-m-align=\"inherit\" data-text-effect=\"default\" data-animation-type=\"line-reveal-by-space\" data-animation-delay=\"0\" data-animation-offset=\"\" data-m-rm-animation=\"\" data-stagger=\"\" data-custom-font-size=\"true\" style=\"font-size: 3vw; line-height: 3.3vw;\"><h1 >The standard<br \/>\nfor flat roofs<\/h1><\/div><div class=\"nectar-split-heading\" data-align=\"default\" data-m-align=\"inherit\" data-text-effect=\"default\" data-animation-type=\"line-reveal-by-space\" data-animation-delay=\"0\" data-animation-offset=\"\" data-m-rm-animation=\"\" data-stagger=\"\" data-custom-font-size=\"true\" style=\"font-size: 2vw; line-height: 2.2vw;\"><h4 >HUM-ID Sensor WD1<\/h4><\/div>\n<div class=\"wpb_text_column wpb_content_element\" >\n\t<div class=\"wpb_wrapper\">\n\t\t<p>The Hum-ID sensors are extremely robust and powerful. The wireless and battery-free sensors are manufactured to a high standard and are made exclusively in Germany.<\/p>\n<p class=\"p1\">In general, the installation of one sensor per square meter is recommended. Depending on the floor plan of the roof and the materials used, object-specific grid dimensions can also be used as a basis. At potential risk points (such as edges or superstructures, etc.), the sensors can also be installed at smaller distances.<\/p>\n<p class=\"p2\"><span class=\"s1\"><b>The sensor can indicate wet or dry as often as required. The WD1 can be used for both new construction and renovation.<\/b><\/span><\/p>\n\t<\/div>\n<\/div>\n\n\n\n<div class=\"divider-wrap\" data-alignment=\"default\"><div style=\"height: 22px;\" class=\"divider\"><\/div><\/div><div class=\"tilt-button-wrap\"> <div class=\"tilt-button-inner\"><a class=\"nectar-button medium regular-tilt accent-color tilt  regular-button\"  style=\"margin-top: 10px; margin-right: 10px; margin-bottom: 10px; color: #ffffff; background-color: #9db51b;\" target=\"_blank\" href=\"https:\/\/www.hum-id.com\/en\/ansprechpartner-2\/anfrage-senden\/\" data-color-override=\"#9db51b\" data-hover-color-override=\"false\" data-hover-text-color-override=\"#fff\"><span>Send request<\/span><\/a><\/div><\/div><div class=\"tilt-button-wrap\"> <div class=\"tilt-button-inner\"><a class=\"nectar-button medium regular-tilt extra-color-2 tilt  regular-button\"  style=\"margin-top: 10px; margin-right: 10px; margin-bottom: 10px; margin-left: 10px;background-color: #000000;\"  href=\"\/en\/handelspartner\/\" data-color-override=\"#000000\" data-hover-color-override=\"false\" data-hover-text-color-override=\"#fff\"><span>Buy in specialized stores<\/span><\/a><\/div><\/div><div class=\"divider-wrap\" data-alignment=\"default\"><div style=\"height: 60px;\" class=\"divider\"><\/div><\/div>\n\t\t\t<\/div> \n\t\t<\/div>\n\t<\/div> \n<\/div><\/div>\n\t\t<div id=\"fws_6a04c2b00d69f\"  data-column-margin=\"default\" data-midnight=\"dark\"  class=\"wpb_row vc_row-fluid vc_row full-width-content vc_row-o-equal-height vc_row-flex vc_row-o-content-top\"  style=\"padding-top: 0px; padding-bottom: 0px; \"><div class=\"row-bg-wrap\" data-bg-animation=\"none\" data-bg-overlay=\"false\"><div class=\"inner-wrap\"><div class=\"row-bg viewport-desktop\"  style=\"\"><\/div><\/div><\/div><div class=\"row_col_wrap_12 col span_12 dark left\">\n\t<div  class=\"vc_col-sm-6 wpb_column column_container vc_column_container col padding-4-percent inherit_tablet inherit_phone\"  data-padding-pos=\"all\" data-has-bg-color=\"false\" data-bg-color=\"\" data-bg-opacity=\"1\" data-animation=\"\" data-delay=\"0\" >\n\t\t<div class=\"vc_column-inner\" >\n\t\t\t<div class=\"wpb_wrapper\">\n\t\t\t\t<div class=\"nectar_image_with_hotspots\" data-stlye=\"color_pulse\" data-hotspot-icon=\"plus_sign\" data-size=\"medium\" data-color=\"accent-color\" data-tooltip-func=\"hover\" data-tooltip_shadow=\"none\" data-animation=\"true\"><img loading=\"lazy\" decoding=\"async\" width=\"1920\" height=\"1080\" src=\"https:\/\/www.hum-id.com\/wp-content\/uploads\/2026\/05\/kd1-web.webp\" class=\"attachment-full size-full\" alt=\"\" srcset=\"https:\/\/www.hum-id.com\/wp-content\/uploads\/2026\/05\/kd1-web.webp 1920w, https:\/\/www.hum-id.com\/wp-content\/uploads\/2026\/05\/kd1-web-300x169.webp 300w, https:\/\/www.hum-id.com\/wp-content\/uploads\/2026\/05\/kd1-web-1024x576.webp 1024w, https:\/\/www.hum-id.com\/wp-content\/uploads\/2026\/05\/kd1-web-768x432.webp 768w, https:\/\/www.hum-id.com\/wp-content\/uploads\/2026\/05\/kd1-web-1536x864.webp 1536w, https:\/\/www.hum-id.com\/wp-content\/uploads\/2026\/05\/kd1-web-18x10.webp 18w\" sizes=\"auto, (max-width: 1920px) 100vw, 1920px\" \/><div class=\"nectar_hotspot_wrap\" style=\"top: 40.131917115748536%; left: 36.06698895027624%;\"><div class=\"nectar_hotspot\"><span><\/span><\/div><div class=\"nttip\" data-tooltip-position=\"top\"><div class=\"inner\">Made in Germany<\/div><\/div><\/div><div class=\"nectar_hotspot_wrap\" style=\"top: 40.8583329513682%; left: 45.18876611418048%;\"><div class=\"nectar_hotspot\"><span><\/span><\/div><div class=\"nttip\" data-tooltip-position=\"top\"><div class=\"inner\">kabel- und batterielos<\/div><\/div><\/div><div class=\"nectar_hotspot_wrap\" style=\"top: 27.87492879078569%; left: 54.215584714548804%;\"><div class=\"nectar_hotspot\"><span><\/span><\/div><div class=\"nttip\" data-tooltip-position=\"top\"><div class=\"inner\">Lokalisierung per Ortung<\/div><\/div><\/div><div class=\"nectar_hotspot_wrap\" style=\"top: 47.866711083755135%; left: 66.80191068139963%;\"><div class=\"nectar_hotspot\"><span><\/span><\/div><div class=\"nttip\" data-tooltip-position=\"top\"><div class=\"inner\">Incl. vlies<\/div><\/div><\/div><\/div>\n\t\t\t<\/div> \n\t\t<\/div>\n\t<\/div> \n\n\t<div  class=\"vc_col-sm-6 wpb_column column_container vc_column_container col padding-4-percent inherit_tablet inherit_phone\"  data-padding-pos=\"all\" data-has-bg-color=\"false\" data-bg-color=\"\" data-bg-opacity=\"1\" data-animation=\"\" data-delay=\"0\" >\n\t\t<div class=\"vc_column-inner\" >\n\t\t\t<div class=\"wpb_wrapper\">\n\t\t\t\t<div class=\"nectar-split-heading\" data-align=\"default\" data-m-align=\"inherit\" data-text-effect=\"default\" data-animation-type=\"line-reveal-by-space\" data-animation-delay=\"0\" data-animation-offset=\"\" data-m-rm-animation=\"\" data-stagger=\"\" data-custom-font-size=\"true\" style=\"font-size: 3vw; line-height: 3.3vw;\"><h1 >The standard<br \/>\nfor ground sealing<\/h1><\/div><div class=\"nectar-split-heading\" data-align=\"default\" data-m-align=\"inherit\" data-text-effect=\"default\" data-animation-type=\"line-reveal-by-space\" data-animation-delay=\"0\" data-animation-offset=\"\" data-m-rm-animation=\"\" data-stagger=\"\" data-custom-font-size=\"true\" style=\"font-size: 2vw; line-height: 2.2vw;\"><h4 >HUM-ID KD1<\/h4><\/div>\n<div class=\"wpb_text_column wpb_content_element\" >\n\t<div class=\"wpb_wrapper\">\n\t\t<p>The Hum-ID sensors are also extremely robust and powerful. The wireless and battery-free sensors are manufactured to a high standard and are made exclusively in Germany.<\/p>\n<p class=\"p1\">In general, the installation of one sensor per square meter is recommended. Depending on the area of application and the materials used, object-related grid dimensions can also be used as a basis. At risk points, the sensors can also be installed at smaller distances.<\/p>\n<p class=\"p2\"><span class=\"s1\"><b>The sensor can indicate wet or dry as often as required. The KD1 can be used for both new construction and renovation.<\/b><\/span><\/p>\n\t<\/div>\n<\/div>\n\n\n\n<div class=\"divider-wrap\" data-alignment=\"default\"><div style=\"height: 22px;\" class=\"divider\"><\/div><\/div><div class=\"tilt-button-wrap\"> <div class=\"tilt-button-inner\"><a class=\"nectar-button medium regular-tilt accent-color tilt  regular-button\"  style=\"margin-top: 10px; margin-right: 10px; margin-bottom: 10px; color: #ffffff; background-color: #9db51b;\" target=\"_blank\" href=\"https:\/\/www.hum-id.com\/en\/ansprechpartner-2\/anfrage-senden\/\" data-color-override=\"#9db51b\" data-hover-color-override=\"false\" data-hover-text-color-override=\"#fff\"><span>Send request<\/span><\/a><\/div><\/div><div class=\"tilt-button-wrap\"> <div class=\"tilt-button-inner\"><a class=\"nectar-button medium regular-tilt extra-color-2 tilt  regular-button\"  style=\"margin-top: 10px; margin-right: 10px; margin-bottom: 10px; margin-left: 10px;background-color: #000000;\"  href=\"\/en\/handelspartner\/\" data-color-override=\"#000000\" data-hover-color-override=\"false\" data-hover-text-color-override=\"#fff\"><span>Buy in specialized stores<\/span><\/a><\/div><\/div><div class=\"divider-wrap\" data-alignment=\"default\"><div style=\"height: 60px;\" class=\"divider\"><\/div><\/div>\n\t\t\t<\/div> \n\t\t<\/div>\n\t<\/div> \n<\/div><\/div>","protected":false},"excerpt":{"rendered":"Home &raquo; Das System &raquo; HUM-ID Sensoren Made in Germanykabel- und batterielosLokalisierung per Ortung Der Standard f\u00fcr Flachd\u00e4cherHUM-ID Sensor WD1 Die Hum-ID Sensoren sind extrem robust und leistungsf\u00e4hig. Die kabel-...","protected":false},"author":2,"featured_media":0,"parent":458,"menu_order":4,"comment_status":"closed","ping_status":"open","template":"","meta":{"footnotes":""},"class_list":["post-1118","page","type-page","status-publish"],"aioseo_notices":[],"_links":{"self":[{"href":"https:\/\/www.hum-id.com\/en\/wp-json\/wp\/v2\/pages\/1118","targetHints":{"allow":["GET"]}}],"collection":[{"href":"https:\/\/www.hum-id.com\/en\/wp-json\/wp\/v2\/pages"}],"about":[{"href":"https:\/\/www.hum-id.com\/en\/wp-json\/wp\/v2\/types\/page"}],"author":[{"embeddable":true,"href":"https:\/\/www.hum-id.com\/en\/wp-json\/wp\/v2\/users\/2"}],"replies":[{"embeddable":true,"href":"https:\/\/www.hum-id.com\/en\/wp-json\/wp\/v2\/comments?post=1118"}],"version-history":[{"count":7,"href":"https:\/\/www.hum-id.com\/en\/wp-json\/wp\/v2\/pages\/1118\/revisions"}],"predecessor-version":[{"id":20530,"href":"https:\/\/www.hum-id.com\/en\/wp-json\/wp\/v2\/pages\/1118\/revisions\/20530"}],"up":[{"embeddable":true,"href":"https:\/\/www.hum-id.com\/en\/wp-json\/wp\/v2\/pages\/458"}],"wp:attachment":[{"href":"https:\/\/www.hum-id.com\/en\/wp-json\/wp\/v2\/media?parent=1118"}],"curies":[{"name":"wp","href":"https:\/\/api.w.org\/{rel}","templated":true}]}}