{"id":20279,"date":"2026-01-09T12:30:49","date_gmt":"2026-01-09T11:30:49","guid":{"rendered":"https:\/\/www.hum-id.com\/?page_id=20279"},"modified":"2026-02-02T17:42:22","modified_gmt":"2026-02-02T16:42:22","slug":"die-4","status":"publish","type":"page","link":"https:\/\/www.hum-id.com\/en\/die-4\/","title":{"rendered":"Die Vier vom Dach"},"content":{"rendered":"<div id=\"webinar1\"  data-column-margin=\"default\" data-midnight=\"dark\" data-top-percent=\"7%\" data-bottom-percent=\"0%\"  class=\"wpb_row vc_row-fluid vc_row full-width-section vc_row-o-equal-height vc_row-flex vc_row-o-content-top\"  style=\"padding-top: calc(100vw * 0.07); padding-bottom: calc(100vw * 0.00); \"><div class=\"row-bg-wrap\" data-bg-animation=\"none\" data-bg-overlay=\"false\"><div class=\"inner-wrap\"><div class=\"row-bg viewport-desktop using-bg-color\"  style=\"background-color: #ffffff; \"><\/div><\/div><\/div><div class=\"row_col_wrap_12 col span_12 dark left\">\n\t<div  class=\"vc_col-sm-3 vc_hidden-sm vc_hidden-xs wpb_column column_container vc_column_container col no-extra-padding inherit_tablet inherit_phone\"  data-padding-pos=\"all\" data-has-bg-color=\"false\" data-bg-color=\"\" data-bg-opacity=\"1\" data-animation=\"\" data-delay=\"0\" >\n\t\t<div class=\"vc_column-inner\" >\n\t\t\t<div class=\"wpb_wrapper\">\n\t\t\t\t\n\t\t\t<\/div> \n\t\t<\/div>\n\t<\/div> \n\n\t<div  class=\"vc_col-sm-6 wpb_column column_container vc_column_container col padding-3-percent inherit_tablet inherit_phone\"  data-padding-pos=\"all\" data-has-bg-color=\"false\" data-bg-color=\"\" data-bg-opacity=\"1\" data-animation=\"\" data-delay=\"0\" >\n\t\t<div class=\"vc_column-inner\" >\n\t\t\t<div class=\"wpb_wrapper\">\n\t\t\t\t<div class=\"img-with-aniamtion-wrap\" data-max-width=\"100%\" data-max-width-mobile=\"default\" data-shadow=\"none\" data-animation=\"fade-in\" >\n      <div class=\"inner\">\n        <div class=\"hover-wrap\"> \n          <div class=\"hover-wrap-inner\">\n            <img loading=\"lazy\" decoding=\"async\" class=\"img-with-animation skip-lazy\" data-delay=\"0\" height=\"1080\" width=\"1920\" data-animation=\"fade-in\" src=\"https:\/\/www.hum-id.com\/wp-content\/uploads\/2026\/01\/logo-die-vier.webp\" alt=\"\" srcset=\"https:\/\/www.hum-id.com\/wp-content\/uploads\/2026\/01\/logo-die-vier.webp 1920w, https:\/\/www.hum-id.com\/wp-content\/uploads\/2026\/01\/logo-die-vier-300x169.webp 300w, https:\/\/www.hum-id.com\/wp-content\/uploads\/2026\/01\/logo-die-vier-1024x576.webp 1024w, https:\/\/www.hum-id.com\/wp-content\/uploads\/2026\/01\/logo-die-vier-768x432.webp 768w, https:\/\/www.hum-id.com\/wp-content\/uploads\/2026\/01\/logo-die-vier-1536x864.webp 1536w, https:\/\/www.hum-id.com\/wp-content\/uploads\/2026\/01\/logo-die-vier-18x10.webp 18w, https:\/\/www.hum-id.com\/wp-content\/uploads\/2026\/01\/logo-die-vier-600x338.webp 600w\" sizes=\"auto, (max-width: 1920px) 100vw, 1920px\" \/>\n          <\/div>\n        <\/div>\n      <\/div>\n    <\/div>\n\t\t\t<\/div> \n\t\t<\/div>\n\t<\/div> \n\n\t<div  class=\"vc_col-sm-3 wpb_column column_container vc_column_container col no-extra-padding inherit_tablet inherit_phone\"  data-padding-pos=\"all\" data-has-bg-color=\"false\" data-bg-color=\"\" data-bg-opacity=\"1\" data-animation=\"\" data-delay=\"0\" >\n\t\t<div class=\"vc_column-inner\" >\n\t\t\t<div class=\"wpb_wrapper\">\n\t\t\t\t\n\t\t\t<\/div> \n\t\t<\/div>\n\t<\/div> \n<\/div><\/div>\n\t\t<div id=\"webinar1\"  data-column-margin=\"default\" data-midnight=\"dark\" data-top-percent=\"7%\" data-bottom-percent=\"5%\"  class=\"wpb_row vc_row-fluid vc_row full-width-section vc_row-o-equal-height vc_row-flex vc_row-o-content-top\"  style=\"padding-top: calc(100vw * 0.07); padding-bottom: calc(100vw * 0.05); \"><div class=\"row-bg-wrap\" data-bg-animation=\"none\" data-bg-overlay=\"false\"><div class=\"inner-wrap\"><div class=\"row-bg viewport-desktop using-bg-color\"  style=\"background-color: #ffffff; \"><\/div><\/div><\/div><div class=\"row_col_wrap_12 col span_12 dark left\">\n\t<div  class=\"vc_col-sm-4 vc_hidden-sm vc_hidden-xs wpb_column column_container vc_column_container col no-extra-padding inherit_tablet inherit_phone\"  data-padding-pos=\"all\" data-has-bg-color=\"false\" data-bg-color=\"\" data-bg-opacity=\"1\" data-animation=\"\" data-delay=\"0\" >\n\t\t<div class=\"vc_column-inner\" >\n\t\t\t<div class=\"wpb_wrapper\">\n\t\t\t\t\n<div class=\"wpb_text_column wpb_content_element\" >\n\t<div class=\"wpb_wrapper\">\n\t\t<h2>Unsere neue Webserie<\/h2>\n\t<\/div>\n<\/div>\n\n\n\n\n<div class=\"wpb_text_column wpb_content_element  vc_custom_1767952694291\" >\n\t<div class=\"wpb_wrapper\">\n\t\t<p>Willkommen bei unserer neuen Miniserie. &#8222;Die 4 vom Dach&#8220; begleitet unsere vier wiederkehrenden Protagonisten bei Ihrem Arbeitsalltag: Der Facility Manager, die Bauherrin, der Dachdeckermeister und der Architekt. In unregelm\u00e4\u00dfigen Abst\u00e4nden erscheint eine neue Folge. Folgen Sie uns bei LinkedIn, um keine Folge zu verpassen!<\/p>\n\t<\/div>\n<\/div>\n\n\n\n\n\t\t\t<\/div> \n\t\t<\/div>\n\t<\/div> \n\n\t<div  class=\"vc_col-sm-8 wpb_column column_container vc_column_container col padding-3-percent inherit_tablet inherit_phone\"  data-padding-pos=\"left-right\" data-has-bg-color=\"false\" data-bg-color=\"\" data-bg-opacity=\"1\" data-animation=\"\" data-delay=\"0\" >\n\t\t<div class=\"vc_column-inner\" >\n\t\t\t<div class=\"wpb_wrapper\">\n\t\t\t\t<div class=\"nectar-video-box\" data-color=\"default-accent-color\"  data-play-button-size=\"default\" data-border-radius=\"none\" data-hover=\"defaut\" data-shadow=\"x_large_depth\"><div class=\"inner-wrap\"><a href=\"https:\/\/www.youtube.com\/watch?v=oK9ekXE94iA\" class=\"full-link pp\"><\/a><img loading=\"lazy\" decoding=\"async\" width=\"1920\" height=\"1080\" src=\"https:\/\/www.hum-id.com\/wp-content\/uploads\/2026\/01\/previewbildweb.webp\" class=\"attachment-full size-full\" alt=\"Die vier vom Dach\" srcset=\"https:\/\/www.hum-id.com\/wp-content\/uploads\/2026\/01\/previewbildweb.webp 1920w, https:\/\/www.hum-id.com\/wp-content\/uploads\/2026\/01\/previewbildweb-300x169.webp 300w, https:\/\/www.hum-id.com\/wp-content\/uploads\/2026\/01\/previewbildweb-1024x576.webp 1024w, https:\/\/www.hum-id.com\/wp-content\/uploads\/2026\/01\/previewbildweb-768x432.webp 768w, https:\/\/www.hum-id.com\/wp-content\/uploads\/2026\/01\/previewbildweb-1536x864.webp 1536w, https:\/\/www.hum-id.com\/wp-content\/uploads\/2026\/01\/previewbildweb-18x10.webp 18w, https:\/\/www.hum-id.com\/wp-content\/uploads\/2026\/01\/previewbildweb-600x338.webp 600w\" sizes=\"auto, (max-width: 1920px) 100vw, 1920px\" \/><a href=\"https:\/\/www.youtube.com\/watch?v=oK9ekXE94iA\"  data-style=\"default\" data-parent-hover=\"\" data-font-style=\"p\" data-color=\"default\" class=\"play_button_2 large nectar_video_lightbox pp\"><span><span class=\"screen-reader-text\">Play Video<\/span><span class=\"play\"><span class=\"inner-wrap inner\"><svg version=\"1.1\"\n\t xmlns=\"http:\/\/www.w3.org\/2000\/svg\" xmlns:xlink=\"http:\/\/www.w3.org\/1999\/xlink\" width=\"600px\" height=\"800px\" x=\"0px\" y=\"0px\" viewbox=\"0 0 600 800\" enable-background=\"new 0 0 600 800\" xml:space=\"preserve\"><path fill=\"none\" d=\"M0-1.79v800L600,395L0-1.79z\"><\/path> <\/svg><\/span><\/span><\/span><\/a><\/div><\/div>\n\t\t\t<\/div> \n\t\t<\/div>\n\t<\/div> \n<\/div><\/div>\n\t\t<div id=\"webinar1\"  data-column-margin=\"default\" data-midnight=\"light\" data-top-percent=\"5%\" data-bottom-percent=\"5%\"  class=\"wpb_row vc_row-fluid vc_row full-width-section vc_row-o-equal-height vc_row-flex\"  style=\"padding-top: calc(100vw * 0.05); padding-bottom: calc(100vw * 0.05); \"><div class=\"row-bg-wrap\" data-bg-animation=\"none\" data-bg-overlay=\"false\"><div class=\"inner-wrap\"><div class=\"row-bg viewport-desktop using-bg-color\"  style=\"background-color: #000000; \"><\/div><\/div><\/div><div class=\"row_col_wrap_12 col span_12 light left\">\n\t<div  class=\"vc_col-sm-6 vc_hidden-sm vc_hidden-xs wpb_column column_container vc_column_container col no-extra-padding inherit_tablet inherit_phone\"  data-padding-pos=\"all\" data-has-bg-color=\"false\" data-bg-color=\"\" data-bg-opacity=\"1\" data-animation=\"\" data-delay=\"0\" >\n\t\t<div class=\"vc_column-inner\" >\n\t\t\t<div class=\"wpb_wrapper\">\n\t\t\t\t<div class=\"nectar-video-box\" data-color=\"default-accent-color\"  data-play-button-size=\"default\" data-border-radius=\"5px\" data-hover=\"defaut\" data-shadow=\"x_large_depth\"><div class=\"inner-wrap\"><a href=\"https:\/\/www.youtube.com\/watch?v=AJRPJ5d2t9s\" class=\"full-link pp\"><\/a><img loading=\"lazy\" decoding=\"async\" width=\"1920\" height=\"1080\" src=\"https:\/\/www.hum-id.com\/wp-content\/uploads\/2026\/01\/thumb-folge-1.webp\" class=\"attachment-full size-full\" alt=\"\" srcset=\"https:\/\/www.hum-id.com\/wp-content\/uploads\/2026\/01\/thumb-folge-1.webp 1920w, https:\/\/www.hum-id.com\/wp-content\/uploads\/2026\/01\/thumb-folge-1-300x169.webp 300w, https:\/\/www.hum-id.com\/wp-content\/uploads\/2026\/01\/thumb-folge-1-1024x576.webp 1024w, https:\/\/www.hum-id.com\/wp-content\/uploads\/2026\/01\/thumb-folge-1-768x432.webp 768w, https:\/\/www.hum-id.com\/wp-content\/uploads\/2026\/01\/thumb-folge-1-1536x864.webp 1536w, https:\/\/www.hum-id.com\/wp-content\/uploads\/2026\/01\/thumb-folge-1-18x10.webp 18w, https:\/\/www.hum-id.com\/wp-content\/uploads\/2026\/01\/thumb-folge-1-600x338.webp 600w\" sizes=\"auto, (max-width: 1920px) 100vw, 1920px\" \/><a href=\"https:\/\/www.youtube.com\/watch?v=AJRPJ5d2t9s\"  data-style=\"default\" data-parent-hover=\"\" data-font-style=\"p\" data-color=\"default\" class=\"play_button_2 large nectar_video_lightbox pp\"><span><span class=\"screen-reader-text\">Play Video<\/span><span class=\"play\"><span class=\"inner-wrap inner\"><svg version=\"1.1\"\n\t xmlns=\"http:\/\/www.w3.org\/2000\/svg\" xmlns:xlink=\"http:\/\/www.w3.org\/1999\/xlink\" width=\"600px\" height=\"800px\" x=\"0px\" y=\"0px\" viewbox=\"0 0 600 800\" enable-background=\"new 0 0 600 800\" xml:space=\"preserve\"><path fill=\"none\" d=\"M0-1.79v800L600,395L0-1.79z\"><\/path> <\/svg><\/span><\/span><\/span><\/a><\/div><\/div>\n<div class=\"wpb_text_column wpb_content_element  vc_custom_1767955386451\" >\n\t<div class=\"wpb_wrapper\">\n\t\t<p><em><strong>Premiere: 09.01.2026<\/strong><\/em><\/p>\n<h2>Folge #1: &#8222;Blackout&#8220;<\/h2>\n<p>In dieser Folge dreht sich alles um den Blackout in Berlin. Facility Manager Viktor Putowski lernt dabei, dass HUM-ID komplett autark ist, d.h. keine permanente Stromversorgung braucht um zu funktionieren.<\/p>\n\t<\/div>\n<\/div>\n\n\n\n\n\t\t\t<\/div> \n\t\t<\/div>\n\t<\/div> \n\n\t<div  class=\"vc_col-sm-6 wpb_column column_container vc_column_container col no-extra-padding inherit_tablet inherit_phone\"  data-padding-pos=\"all\" data-has-bg-color=\"false\" data-bg-color=\"\" data-bg-opacity=\"1\" data-animation=\"\" data-delay=\"0\" >\n\t\t<div class=\"vc_column-inner\" >\n\t\t\t<div class=\"wpb_wrapper\">\n\t\t\t\t<div class=\"nectar-video-box\" data-color=\"default-accent-color\"  data-play-button-size=\"default\" data-border-radius=\"5px\" data-hover=\"defaut\" data-shadow=\"x_large_depth\"><div class=\"inner-wrap\"><a href=\"https:\/\/www.youtube.com\/watch?v=6IChoKFrN6Q\" class=\"full-link pp\"><\/a><img loading=\"lazy\" decoding=\"async\" width=\"1920\" height=\"1080\" src=\"https:\/\/www.hum-id.com\/wp-content\/uploads\/2026\/01\/thumb-folge-2.webp\" class=\"attachment-full size-full\" alt=\"\" srcset=\"https:\/\/www.hum-id.com\/wp-content\/uploads\/2026\/01\/thumb-folge-2.webp 1920w, https:\/\/www.hum-id.com\/wp-content\/uploads\/2026\/01\/thumb-folge-2-300x169.webp 300w, https:\/\/www.hum-id.com\/wp-content\/uploads\/2026\/01\/thumb-folge-2-1024x576.webp 1024w, https:\/\/www.hum-id.com\/wp-content\/uploads\/2026\/01\/thumb-folge-2-768x432.webp 768w, https:\/\/www.hum-id.com\/wp-content\/uploads\/2026\/01\/thumb-folge-2-1536x864.webp 1536w, https:\/\/www.hum-id.com\/wp-content\/uploads\/2026\/01\/thumb-folge-2-18x10.webp 18w, https:\/\/www.hum-id.com\/wp-content\/uploads\/2026\/01\/thumb-folge-2-600x338.webp 600w\" sizes=\"auto, (max-width: 1920px) 100vw, 1920px\" \/><a href=\"https:\/\/www.youtube.com\/watch?v=6IChoKFrN6Q\"  data-style=\"default\" data-parent-hover=\"\" data-font-style=\"p\" data-color=\"default\" class=\"play_button_2 large nectar_video_lightbox pp\"><span><span class=\"screen-reader-text\">Play Video<\/span><span class=\"play\"><span class=\"inner-wrap inner\"><svg version=\"1.1\"\n\t xmlns=\"http:\/\/www.w3.org\/2000\/svg\" xmlns:xlink=\"http:\/\/www.w3.org\/1999\/xlink\" width=\"600px\" height=\"800px\" x=\"0px\" y=\"0px\" viewbox=\"0 0 600 800\" enable-background=\"new 0 0 600 800\" xml:space=\"preserve\"><path fill=\"none\" d=\"M0-1.79v800L600,395L0-1.79z\"><\/path> <\/svg><\/span><\/span><\/span><\/a><\/div><\/div>\n<div class=\"wpb_text_column wpb_content_element  vc_custom_1768495957484\" >\n\t<div class=\"wpb_wrapper\">\n\t\t<p><span style=\"color: #ffffff;\"><em><strong>Premiere: 16.01.2026<\/strong><\/em><\/span><\/p>\n<h2><span style=\"color: #ffffff;\">Folge #2: &#8222;Dit hab ick im Jef\u00fchl&#8220;<\/span><\/h2>\n<p><span style=\"color: #ffffff;\">In der zweiten Folge holt Viktor Putowski den Planer und die Bauherrin zu sich aufs Geb\u00e4ude. Augenscheinlich ist das Dach trocken, doch wie sieht&#8217;s im Inneren aus? Dachdeckermeister Jonas Schott kommt zur Hilfe.<\/span><\/p>\n\t<\/div>\n<\/div>\n\n\n\n\n\t\t\t<\/div> \n\t\t<\/div>\n\t<\/div> \n<\/div><\/div>\n\t\t<div id=\"webinar1\"  data-column-margin=\"default\" data-midnight=\"light\" data-top-percent=\"5%\" data-bottom-percent=\"5%\"  class=\"wpb_row vc_row-fluid vc_row full-width-section vc_row-o-equal-height vc_row-flex\"  style=\"padding-top: calc(100vw * 0.05); padding-bottom: calc(100vw * 0.05); \"><div class=\"row-bg-wrap\" data-bg-animation=\"none\" data-bg-overlay=\"false\"><div class=\"inner-wrap\"><div class=\"row-bg viewport-desktop using-bg-color\"  style=\"background-color: #000000; \"><\/div><\/div><\/div><div class=\"row_col_wrap_12 col span_12 light left\">\n\t<div  class=\"vc_col-sm-6 vc_hidden-sm vc_hidden-xs wpb_column column_container vc_column_container col no-extra-padding inherit_tablet inherit_phone\"  data-padding-pos=\"all\" data-has-bg-color=\"false\" data-bg-color=\"\" data-bg-opacity=\"1\" data-animation=\"\" data-delay=\"0\" >\n\t\t<div class=\"vc_column-inner\" >\n\t\t\t<div class=\"wpb_wrapper\">\n\t\t\t\t<div class=\"nectar-video-box\" data-color=\"default-accent-color\"  data-play-button-size=\"default\" data-border-radius=\"5px\" data-hover=\"defaut\" data-shadow=\"x_large_depth\"><div class=\"inner-wrap\"><a href=\"https:\/\/www.youtube.com\/watch?v=pNkdyd8zOFA\" class=\"full-link pp\"><\/a><img loading=\"lazy\" decoding=\"async\" width=\"1920\" height=\"1080\" src=\"https:\/\/www.hum-id.com\/wp-content\/uploads\/2026\/02\/thumb3.webp\" class=\"attachment-full size-full\" alt=\"\" srcset=\"https:\/\/www.hum-id.com\/wp-content\/uploads\/2026\/02\/thumb3.webp 1920w, https:\/\/www.hum-id.com\/wp-content\/uploads\/2026\/02\/thumb3-300x169.webp 300w, https:\/\/www.hum-id.com\/wp-content\/uploads\/2026\/02\/thumb3-1024x576.webp 1024w, https:\/\/www.hum-id.com\/wp-content\/uploads\/2026\/02\/thumb3-768x432.webp 768w, https:\/\/www.hum-id.com\/wp-content\/uploads\/2026\/02\/thumb3-1536x864.webp 1536w, https:\/\/www.hum-id.com\/wp-content\/uploads\/2026\/02\/thumb3-18x10.webp 18w, https:\/\/www.hum-id.com\/wp-content\/uploads\/2026\/02\/thumb3-600x338.webp 600w\" sizes=\"auto, (max-width: 1920px) 100vw, 1920px\" \/><a href=\"https:\/\/www.youtube.com\/watch?v=pNkdyd8zOFA\"  data-style=\"default\" data-parent-hover=\"\" data-font-style=\"p\" data-color=\"default\" class=\"play_button_2 large nectar_video_lightbox pp\"><span><span class=\"screen-reader-text\">Play Video<\/span><span class=\"play\"><span class=\"inner-wrap inner\"><svg version=\"1.1\"\n\t xmlns=\"http:\/\/www.w3.org\/2000\/svg\" xmlns:xlink=\"http:\/\/www.w3.org\/1999\/xlink\" width=\"600px\" height=\"800px\" x=\"0px\" y=\"0px\" viewbox=\"0 0 600 800\" enable-background=\"new 0 0 600 800\" xml:space=\"preserve\"><path fill=\"none\" d=\"M0-1.79v800L600,395L0-1.79z\"><\/path> <\/svg><\/span><\/span><\/span><\/a><\/div><\/div>\n<div class=\"wpb_text_column wpb_content_element  vc_custom_1770050359420\" >\n\t<div class=\"wpb_wrapper\">\n\t\t<p><em><strong>Premiere: 03.02.2026<\/strong><\/em><\/p>\n<h2>Folge #3: &#8222;Dit jing schnell&#8220;<\/h2>\n<p>In dieser Folge geht es darum, wie schnell und einfach die Kontrolle der N\u00e4ssesensoren ist. So schnell, dass Facility Manager Viktor Putowski um seine Kaffepause gebracht wird.<\/p>\n\t<\/div>\n<\/div>\n\n\n\n\n\t\t\t<\/div> \n\t\t<\/div>\n\t<\/div> \n\n\t<div  class=\"vc_col-sm-6 wpb_column column_container vc_column_container col no-extra-padding inherit_tablet inherit_phone\"  data-padding-pos=\"all\" data-has-bg-color=\"false\" data-bg-color=\"\" data-bg-opacity=\"1\" data-animation=\"\" data-delay=\"0\" >\n\t\t<div class=\"vc_column-inner\" >\n\t\t\t<div class=\"wpb_wrapper\">\n\t\t\t\t\n\t\t\t<\/div> \n\t\t<\/div>\n\t<\/div> \n<\/div><\/div>","protected":false},"excerpt":{"rendered":"Unsere neue Webserie Willkommen bei unserer neuen Miniserie. \"Die 4 vom Dach\" begleitet unsere vier wiederkehrenden Protagonisten bei Ihrem Arbeitsalltag: Der Facility Manager, die Bauherrin, der Dachdeckermeister und der Architekt....","protected":false},"author":2,"featured_media":0,"parent":0,"menu_order":0,"comment_status":"closed","ping_status":"closed","template":"","meta":{"footnotes":""},"class_list":["post-20279","page","type-page","status-publish"],"aioseo_notices":[],"_links":{"self":[{"href":"https:\/\/www.hum-id.com\/en\/wp-json\/wp\/v2\/pages\/20279","targetHints":{"allow":["GET"]}}],"collection":[{"href":"https:\/\/www.hum-id.com\/en\/wp-json\/wp\/v2\/pages"}],"about":[{"href":"https:\/\/www.hum-id.com\/en\/wp-json\/wp\/v2\/types\/page"}],"author":[{"embeddable":true,"href":"https:\/\/www.hum-id.com\/en\/wp-json\/wp\/v2\/users\/2"}],"replies":[{"embeddable":true,"href":"https:\/\/www.hum-id.com\/en\/wp-json\/wp\/v2\/comments?post=20279"}],"version-history":[{"count":17,"href":"https:\/\/www.hum-id.com\/en\/wp-json\/wp\/v2\/pages\/20279\/revisions"}],"predecessor-version":[{"id":20355,"href":"https:\/\/www.hum-id.com\/en\/wp-json\/wp\/v2\/pages\/20279\/revisions\/20355"}],"wp:attachment":[{"href":"https:\/\/www.hum-id.com\/en\/wp-json\/wp\/v2\/media?parent=20279"}],"curies":[{"name":"wp","href":"https:\/\/api.w.org\/{rel}","templated":true}]}}