{"id":5703,"date":"2017-08-15T13:48:39","date_gmt":"2017-08-15T12:48:39","guid":{"rendered":"http:\/\/www.hum-id.com\/?page_id=5703"},"modified":"2017-10-26T14:41:15","modified_gmt":"2017-10-26T13:41:15","slug":"ab-sofort-ist-die-gabs-ag-unser-exklusiver-vertriebspartner-fuer-die-schweiz","status":"publish","type":"page","link":"https:\/\/www.hum-id.com\/en\/blog\/themen\/ab-sofort-ist-die-gabs-ag-unser-exklusiver-vertriebspartner-fuer-die-schweiz\/","title":{"rendered":"Ab sofort ist die Gabs AG unser exklusiver Vertriebspartner f\u00fcr die Schweiz."},"content":{"rendered":"<div id=\"fws_69fb6a9b5048a\"  data-column-margin=\"default\" data-midnight=\"dark\"  class=\"wpb_row vc_row-fluid vc_row full-width-section\"  style=\"padding-top: 0px; padding-bottom: 0px; \"><div class=\"row-bg-wrap\" data-bg-animation=\"none\" data-bg-overlay=\"false\"><div class=\"inner-wrap using-image\"><div class=\"row-bg viewport-desktop using-image using-bg-color\"  style=\"background-image: url(https:\/\/www.hum-id.com\/wp-content\/uploads\/2017\/08\/gabs-bw.jpg); background-position: left top; background-repeat: no-repeat; background-color: #add7ff; \"><\/div><\/div><\/div><div class=\"row_col_wrap_12 col span_12 dark left\">\n\t<div  class=\"vc_col-sm-12 wpb_column column_container vc_column_container col no-extra-padding\"  data-padding-pos=\"all\" data-has-bg-color=\"false\" data-bg-color=\"\" data-bg-opacity=\"1\" data-animation=\"\" data-delay=\"0\" >\n\t\t<div class=\"vc_column-inner\" >\n\t\t\t<div class=\"wpb_wrapper\">\n\t\t\t\t<div class=\"divider-wrap\" data-alignment=\"default\"><div style=\"height: 60px;\" class=\"divider\"><\/div><\/div><div id=\"fws_69fb6a9b50d4c\" data-midnight=\"\" data-column-margin=\"default\" class=\"wpb_row vc_row-fluid vc_row inner_row\"  style=\"\"><div class=\"row-bg-wrap\"> <div class=\"row-bg\" ><\/div> <\/div><div class=\"row_col_wrap_12_inner col span_12  left\">\n\t<div  class=\"vc_col-sm-8 wpb_column column_container vc_column_container col child_column padding-2-percent\"   data-padding-pos=\"right\" data-has-bg-color=\"false\" data-bg-color=\"\" data-bg-opacity=\"1\" data-animation=\"\" data-delay=\"0\" >\n\t\t<div class=\"vc_column-inner\" >\n\t\t<div class=\"wpb_wrapper\">\n\t\t\t\n<div class=\"wpb_text_column wpb_content_element\" >\n\t<div class=\"wpb_wrapper\">\n\t\t<h1 style=\"text-align: left;\">Ab sofort ist die Gabs AG unser exklusiver Vertriebspartner f\u00fcr die Schweiz.<\/h1>\n\t<\/div>\n<\/div>\n\n\n\n<div class=\"divider-wrap\" data-alignment=\"default\"><div style=\"height: 60px;\" class=\"divider\"><\/div><\/div>\n<div class=\"wpb_text_column wpb_content_element\" >\n\t<div class=\"wpb_wrapper\">\n\t\t<h2>Der Spezialist f\u00fcr Geb\u00e4udeh\u00fclle \u00fcbernimmt seit Sommer 2017 schweizweit die Beratung, den Service und den Vertrieb des Kontrollsystems HUM-ID.<\/h2>\n\t<\/div>\n<\/div>\n\n\n\n\n\t\t<\/div> \n\t<\/div>\n\t<\/div> \n\n\t<div  class=\"vc_col-sm-4 wpb_column column_container vc_column_container col child_column no-extra-padding\"   data-padding-pos=\"all\" data-has-bg-color=\"false\" data-bg-color=\"\" data-bg-opacity=\"1\" data-animation=\"\" data-delay=\"0\" >\n\t\t<div class=\"vc_column-inner\" >\n\t\t<div class=\"wpb_wrapper\">\n\t\t\t<div class=\"img-with-aniamtion-wrap\" data-max-width=\"100%\" data-max-width-mobile=\"100%\" data-shadow=\"none\" data-animation=\"fade-in\" >\n      <div class=\"inner\">\n        <div class=\"hover-wrap\"> \n          <div class=\"hover-wrap-inner\">\n            <a href=\"https:\/\/www.gabs.ch\/\" target=\"_blank\" class=\"\">\n              <img loading=\"lazy\" decoding=\"async\" class=\"img-with-animation skip-lazy\" data-delay=\"0\" height=\"260\" width=\"520\" data-animation=\"fade-in\" src=\"https:\/\/www.hum-id.com\/wp-content\/uploads\/2017\/08\/gabs-logo-01.png\" alt=\"\" srcset=\"https:\/\/www.hum-id.com\/wp-content\/uploads\/2017\/08\/gabs-logo-01.png 520w, https:\/\/www.hum-id.com\/wp-content\/uploads\/2017\/08\/gabs-logo-01-300x150.png 300w\" sizes=\"auto, (max-width: 520px) 100vw, 520px\" \/>\n            <\/a>\n          <\/div>\n        <\/div>\n      <\/div>\n      <\/div><div class=\"divider-wrap\" data-alignment=\"default\"><div style=\"height: 80px;\" class=\"divider\"><\/div><\/div>\n\t\t<\/div> \n\t<\/div>\n\t<\/div> \n<\/div><\/div><div class=\"divider-wrap\" data-alignment=\"default\"><div style=\"height: 60px;\" class=\"divider\"><\/div><\/div>\n\t\t\t<\/div> \n\t\t<\/div>\n\t<\/div> \n<\/div><\/div>\n\t\t<div id=\"fws_69fb6a9b522c8\"  data-column-margin=\"default\" data-midnight=\"dark\"  class=\"wpb_row vc_row-fluid vc_row full-width-section\"  style=\"padding-top: 0px; padding-bottom: 0px; \"><div class=\"row-bg-wrap\" data-bg-animation=\"none\" data-bg-overlay=\"false\"><div class=\"inner-wrap\"><div class=\"row-bg viewport-desktop using-bg-color\"  style=\"background-color: #f9f9f9; \"><\/div><\/div><\/div><div class=\"row_col_wrap_12 col span_12 dark left\">\n\t<div  class=\"vc_col-sm-8 wpb_column column_container vc_column_container col has-animation padding-2-percent\"  data-padding-pos=\"right\" data-has-bg-color=\"false\" data-bg-color=\"\" data-bg-opacity=\"1\" data-animation=\"fade-in-from-left\" data-delay=\"0\" >\n\t\t<div class=\"vc_column-inner\" >\n\t\t\t<div class=\"wpb_wrapper\">\n\t\t\t\t<div class=\"divider-wrap\" data-alignment=\"default\"><div style=\"height: 60px;\" class=\"divider\"><\/div><\/div>\n<div class=\"wpb_text_column wpb_content_element\" >\n\t<div class=\"wpb_wrapper\">\n\t\t<p>Mit dem Hauptsitz in <strong>T\u00e4gerwilen<\/strong> und den beiden Filialen in <strong>Dietikon<\/strong> und <strong>Wallisellen<\/strong> ist das Unternehmen als Zulieferer und Spezialist f\u00fcr Geb\u00e4udeh\u00fcllen die erste Adresse f\u00fcr Spengler, Dachdecker, Fassaden- und Metallbauer in der Schweiz.<\/p>\n\t<\/div>\n<\/div>\n\n\n\n<div class=\"divider-wrap\" data-alignment=\"default\"><div style=\"height: 60px;\" class=\"divider\"><\/div><\/div>\n\t\t\t<\/div> \n\t\t<\/div>\n\t<\/div> \n\n\t<div  class=\"vc_col-sm-4 wpb_column column_container vc_column_container col has-animation no-extra-padding\"  data-padding-pos=\"all\" data-has-bg-color=\"false\" data-bg-color=\"\" data-bg-opacity=\"1\" data-animation=\"fade-in-from-right\" data-delay=\"0\" >\n\t\t<div class=\"vc_column-inner\" >\n\t\t\t<div class=\"wpb_wrapper\">\n\t\t\t\t<div class=\"divider-wrap\" data-alignment=\"default\"><div style=\"height: 60px;\" class=\"divider\"><\/div><\/div><div class=\"img-with-aniamtion-wrap\" data-max-width=\"100%\" data-max-width-mobile=\"100%\" data-shadow=\"none\" data-animation=\"fade-in-from-right\" >\n      <div class=\"inner\">\n        <div class=\"hover-wrap\"> \n          <div class=\"hover-wrap-inner\">\n            <img loading=\"lazy\" decoding=\"async\" class=\"img-with-animation skip-lazy\" data-delay=\"0\" height=\"220\" width=\"441\" data-animation=\"fade-in-from-right\" src=\"https:\/\/www.hum-id.com\/wp-content\/uploads\/2017\/04\/gabs-retina-01.png\" alt=\"\" srcset=\"https:\/\/www.hum-id.com\/wp-content\/uploads\/2017\/04\/gabs-retina-01.png 441w, https:\/\/www.hum-id.com\/wp-content\/uploads\/2017\/04\/gabs-retina-01-300x150.png 300w\" sizes=\"auto, (max-width: 441px) 100vw, 441px\" \/>\n          <\/div>\n        <\/div>\n      <\/div>\n    <\/div>\n\t\t\t<\/div> \n\t\t<\/div>\n\t<\/div> \n<\/div><\/div>\n\t\t<div id=\"fws_69fb6a9b53545\"  data-column-margin=\"default\" data-midnight=\"dark\"  class=\"wpb_row vc_row-fluid vc_row full-width-section\"  style=\"padding-top: 0px; padding-bottom: 0px; \"><div class=\"row-bg-wrap\" data-bg-animation=\"none\" data-bg-overlay=\"false\"><div class=\"inner-wrap\"><div class=\"row-bg viewport-desktop using-bg-color\"  style=\"background-color: #f4f4f4; \"><\/div><\/div><\/div><div class=\"row_col_wrap_12 col span_12 dark left\">\n\t<div  class=\"vc_col-sm-8 wpb_column column_container vc_column_container col has-animation padding-2-percent\"  data-padding-pos=\"right\" data-has-bg-color=\"false\" data-bg-color=\"\" data-bg-opacity=\"1\" data-animation=\"fade-in-from-left\" data-delay=\"0\" >\n\t\t<div class=\"vc_column-inner\" >\n\t\t\t<div class=\"wpb_wrapper\">\n\t\t\t\t<div class=\"divider-wrap\" data-alignment=\"default\"><div style=\"height: 60px;\" class=\"divider\"><\/div><\/div>\n<div class=\"wpb_text_column wpb_content_element\" >\n\t<div class=\"wpb_wrapper\">\n\t\t<p>Die Gabs AG verf\u00fcgt \u00fcber ein in der Schweiz <strong>einmaliges Branchen-Know How<\/strong> und gilt mit seinem gro\u00dfen Sortiment nicht nur als Lieferant, sondern auch in der Fertigung als Leader in der Schweiz. Gabs Geb\u00e4udeh\u00fclle bietet Spitzenprodukte und <strong>Service- und Beratungsleistungen<\/strong> auf allerh\u00f6chstem Niveau. Auch deshalb wurde das Schweizer Unternehmen exklusiv mit der Vermarktung, der Beratung und dem Verkauf der <strong>Sensorkontrolle<\/strong> betraut.<\/p>\n\t<\/div>\n<\/div>\n\n\n\n<div class=\"divider-wrap\" data-alignment=\"default\"><div style=\"height: 30px;\" class=\"divider\"><\/div><\/div>\n<div class=\"wpb_text_column wpb_content_element\" >\n\t<div class=\"wpb_wrapper\">\n\t\t<p><i class=\"icon-tiny fa fa-thumb-tack extra-color-1\"><\/i>\u00a0Bahnhofstrasse 17, CH-8274 T\u00e4gerwilen<br \/>\n<i class=\"icon-tiny fa fa-phone accent-color\"><\/i>\u00a0+41 71 666 86 86<br \/>\n<i class=\"icon-tiny fa fa-print accent-color\"><\/i> +41 71 666 86 66<br \/>\n<i class=\"icon-tiny fa fa-envelope-o accent-color\"><\/i>\u00a0i&#110;&#x66;o&#64;&#x67;a&#98;&#x73;&#46;&#99;&#x68;<br \/>\n<i class=\"icon-tiny fa fa-home accent-color\"><\/i>\u00a0<a href=\"https:\/\/www.gabs.ch\/\">https:\/\/www.gabs.ch\/<\/a><\/p>\n\t<\/div>\n<\/div>\n\n\n\n<div class=\"divider-wrap\" data-alignment=\"default\"><div style=\"height: 30px;\" class=\"divider\"><\/div><\/div>\n\t\t\t<\/div> \n\t\t<\/div>\n\t<\/div> \n\n\t<div  class=\"vc_col-sm-4 wpb_column column_container vc_column_container col has-animation no-extra-padding\"  data-padding-pos=\"all\" data-has-bg-color=\"false\" data-bg-color=\"\" data-bg-opacity=\"1\" data-animation=\"fade-in-from-right\" data-delay=\"0\" >\n\t\t<div class=\"vc_column-inner\" >\n\t\t\t<div class=\"wpb_wrapper\">\n\t\t\t\t<div class=\"divider-wrap\" data-alignment=\"default\"><div style=\"height: 60px;\" class=\"divider\"><\/div><\/div>\n<div class=\"wpb_text_column wpb_content_element\" >\n\t<div class=\"wpb_wrapper\">\n\t\t\n<div class=\"google-maps-builder-wrap\">\n\n\t<div id=\"google-maps-builder-5710\" class=\"google-maps-builder\"  data-map-id=\"5710\" style=\"width:100%; height:300px\"><\/div>\n\n\t\t\t<div id=\"directions-panel-5710\" class=\"gmb-directions-panel panel-overlay\">\n\t\t\t<div class=\"gmb-directions-toggle\">\n\t\t\t\t<span class=\"gmb-directions-icon\"><span class=\"gmb-hide-text\">Toggle Directions<\/span><\/span>\n\t\t\t<\/div>\n\t\t\t<div class=\"gmb-directions-panel-inner\"><\/div>\n\t\t<\/div>\n\n\t\t\n<\/div>\n\n\t<\/div>\n<\/div>\n\n\n\n<div class=\"divider-wrap\" data-alignment=\"default\"><div style=\"height: 60px;\" class=\"divider\"><\/div><\/div>\n\t\t\t<\/div> \n\t\t<\/div>\n\t<\/div> \n<\/div><\/div>\n\t\t<div id=\"fws_69fb6a9b5507a\"  data-column-margin=\"default\" data-midnight=\"dark\"  class=\"wpb_row vc_row-fluid vc_row full-width-section\"  style=\"padding-top: 0px; padding-bottom: 0px; \"><div class=\"row-bg-wrap\" data-bg-animation=\"none\" data-bg-overlay=\"false\"><div class=\"inner-wrap\"><div class=\"row-bg viewport-desktop using-bg-color\"  style=\"background-color: #f9f9f9; \"><\/div><\/div><\/div><div class=\"row_col_wrap_12 col span_12 dark left\">\n\t<div  class=\"vc_col-sm-8 wpb_column column_container vc_column_container col has-animation padding-2-percent\"  data-padding-pos=\"right\" data-has-bg-color=\"false\" data-bg-color=\"\" data-bg-opacity=\"1\" data-animation=\"fade-in-from-left\" data-delay=\"0\" >\n\t\t<div class=\"vc_column-inner\" >\n\t\t\t<div class=\"wpb_wrapper\">\n\t\t\t\t<div class=\"divider-wrap\" data-alignment=\"default\"><div style=\"height: 60px;\" class=\"divider\"><\/div><\/div>\n<div class=\"wpb_text_column wpb_content_element\" >\n\t<div class=\"wpb_wrapper\">\n\t\t<p><strong>HUM-ID Sensoren und Dachscanner<\/strong> k\u00f6nnen ab sofort zwischen Basel und Zermatt \u00fcber Gabs AG bezogen werden. Vereinbaren Sie noch heute einen Kennlerntermin mit einem Gabs Mitarbeiter und lassen sie sich vom <strong>innovativen Dachkontrollsystem HUM-ID<\/strong> vor Ort \u00fcberzeugen.<\/p>\n\t<\/div>\n<\/div>\n\n\n\n<div class=\"divider-wrap\" data-alignment=\"default\"><div style=\"height: 100px;\" class=\"divider\"><\/div><\/div>\n<div class=\"wpb_text_column wpb_content_element\" >\n\t<div class=\"wpb_wrapper\">\n\t\t<a class=\"nectar-button n-sc-button medium extra-color-1 has-icon regular-button\"  href=\"\/en\/presse\/\" data-color-override=\"false\" data-hover-color-override=\"false\" data-hover-text-color-override=\"#fff\"><span>HUM-ID in the press<\/span><i class=\"icon-button-arrow\"><\/i><\/a>\n\t<\/div>\n<\/div>\n\n\n\n<div class=\"divider-wrap\" data-alignment=\"default\"><div style=\"height: 100px;\" class=\"divider\"><\/div><\/div>\n\t\t\t<\/div> \n\t\t<\/div>\n\t<\/div> \n\n\t<div  class=\"vc_col-sm-4 wpb_column column_container vc_column_container col has-animation no-extra-padding\"  data-padding-pos=\"all\" data-has-bg-color=\"false\" data-bg-color=\"\" data-bg-opacity=\"1\" data-animation=\"fade-in-from-right\" data-delay=\"0\" >\n\t\t<div class=\"vc_column-inner\" >\n\t\t\t<div class=\"wpb_wrapper\">\n\t\t\t\t<div class=\"divider-wrap\" data-alignment=\"default\"><div style=\"height: 60px;\" class=\"divider\"><\/div><\/div><div class=\"img-with-aniamtion-wrap\" data-max-width=\"100%\" data-max-width-mobile=\"100%\" data-shadow=\"none\" data-animation=\"fade-in\" >\n      <div class=\"inner\">\n        <div class=\"hover-wrap\"> \n          <div class=\"hover-wrap-inner\">\n            <img loading=\"lazy\" decoding=\"async\" class=\"img-with-animation skip-lazy\" data-delay=\"0\" height=\"365\" width=\"370\" data-animation=\"fade-in\" src=\"https:\/\/www.hum-id.com\/wp-content\/uploads\/2016\/07\/mobile-startbild-humid-sensoren.jpg\" alt=\"Hum-ID Funktionsweise, Mobile Startseite\" srcset=\"https:\/\/www.hum-id.com\/wp-content\/uploads\/2016\/07\/mobile-startbild-humid-sensoren.jpg 370w, https:\/\/www.hum-id.com\/wp-content\/uploads\/2016\/07\/mobile-startbild-humid-sensoren-300x296.jpg 300w, https:\/\/www.hum-id.com\/wp-content\/uploads\/2016\/07\/mobile-startbild-humid-sensoren-50x50.jpg 50w, https:\/\/www.hum-id.com\/wp-content\/uploads\/2016\/07\/mobile-startbild-humid-sensoren-100x100.jpg 100w\" sizes=\"auto, (max-width: 370px) 100vw, 370px\" \/>\n          <\/div>\n        <\/div>\n      <\/div>\n    <\/div><div class=\"divider-wrap\" data-alignment=\"default\"><div style=\"height: 60px;\" class=\"divider\"><\/div><\/div>\n\t\t\t<\/div> \n\t\t<\/div>\n\t<\/div> \n<\/div><\/div>","protected":false},"excerpt":{"rendered":"Ab sofort ist die Gabs AG unser exklusiver Vertriebspartner f\u00fcr die Schweiz. Der Spezialist f\u00fcr Geb\u00e4udeh\u00fclle \u00fcbernimmt seit Sommer 2017 schweizweit die Beratung, den Service und den Vertrieb des Kontrollsystems...","protected":false},"author":2,"featured_media":0,"parent":6036,"menu_order":3,"comment_status":"closed","ping_status":"closed","template":"","meta":{"footnotes":""},"class_list":["post-5703","page","type-page","status-publish"],"aioseo_notices":[],"_links":{"self":[{"href":"https:\/\/www.hum-id.com\/en\/wp-json\/wp\/v2\/pages\/5703","targetHints":{"allow":["GET"]}}],"collection":[{"href":"https:\/\/www.hum-id.com\/en\/wp-json\/wp\/v2\/pages"}],"about":[{"href":"https:\/\/www.hum-id.com\/en\/wp-json\/wp\/v2\/types\/page"}],"author":[{"embeddable":true,"href":"https:\/\/www.hum-id.com\/en\/wp-json\/wp\/v2\/users\/2"}],"replies":[{"embeddable":true,"href":"https:\/\/www.hum-id.com\/en\/wp-json\/wp\/v2\/comments?post=5703"}],"version-history":[{"count":1,"href":"https:\/\/www.hum-id.com\/en\/wp-json\/wp\/v2\/pages\/5703\/revisions"}],"predecessor-version":[{"id":13730,"href":"https:\/\/www.hum-id.com\/en\/wp-json\/wp\/v2\/pages\/5703\/revisions\/13730"}],"up":[{"embeddable":true,"href":"https:\/\/www.hum-id.com\/en\/wp-json\/wp\/v2\/pages\/6036"}],"wp:attachment":[{"href":"https:\/\/www.hum-id.com\/en\/wp-json\/wp\/v2\/media?parent=5703"}],"curies":[{"name":"wp","href":"https:\/\/api.w.org\/{rel}","templated":true}]}}