{"id":6141,"date":"2017-10-29T18:03:14","date_gmt":"2017-10-29T17:03:14","guid":{"rendered":"http:\/\/www.hum-id.com\/?page_id=6141"},"modified":"2022-08-31T11:34:16","modified_gmt":"2022-08-31T10:34:16","slug":"anfrage-senden-p","status":"publish","type":"page","link":"https:\/\/www.hum-id.com\/en\/ansprechpartner-2\/anfrage-senden-p\/","title":{"rendered":"Anfrage Planer"},"content":{"rendered":"<div id=\"fws_6a06da8a6392d\"  data-column-margin=\"default\" data-midnight=\"dark\"  class=\"wpb_row vc_row-fluid vc_row full-width-section\"  style=\"padding-top: 40px; padding-bottom: 40px; \"><div class=\"row-bg-wrap\" data-bg-animation=\"none\" data-bg-overlay=\"false\"><div class=\"inner-wrap\"><div class=\"row-bg viewport-desktop using-bg-color\"  style=\"background-color: #f4f4f4; \"><\/div><\/div><\/div><div class=\"row_col_wrap_12 col span_12 dark left\">\n\t<div  class=\"vc_col-sm-6 wpb_column column_container vc_column_container col padding-2-percent\"  data-padding-pos=\"all\" data-has-bg-color=\"false\" data-bg-color=\"\" data-bg-opacity=\"1\" data-hover-bg=\"#ffffff\" data-hover-bg-opacity=\"1\" data-animation=\"\" data-delay=\"0\" >\n\t\t<div class=\"vc_column-inner\" ><div class=\"column-bg-overlay-wrap column-bg-layer\" data-bg-animation=\"none\"><div class=\"column-bg-overlay\"><\/div><\/div>\n\t\t\t<div class=\"wpb_wrapper\">\n\t\t\t\t\n<div class=\"wpcf7 no-js\" id=\"wpcf7-f7132-o1\" lang=\"en-US\" dir=\"ltr\" data-wpcf7-id=\"7132\">\n<div class=\"screen-reader-response\"><p role=\"status\" aria-live=\"polite\" aria-atomic=\"true\"><\/p> <ul><\/ul><\/div>\n<form action=\"\/en\/wp-json\/wp\/v2\/pages\/6141#wpcf7-f7132-o1\" method=\"post\" class=\"wpcf7-form init\" aria-label=\"Contact form\" enctype=\"multipart\/form-data\" novalidate=\"novalidate\" data-status=\"init\" data-trp-original-action=\"\/en\/wp-json\/wp\/v2\/pages\/6141#wpcf7-f7132-o1\">\n<fieldset class=\"hidden-fields-container\"><input type=\"hidden\" name=\"_wpcf7\" value=\"7132\" \/><input type=\"hidden\" name=\"_wpcf7_version\" value=\"6.1.5\" \/><input type=\"hidden\" name=\"_wpcf7_locale\" value=\"en_US\" \/><input type=\"hidden\" name=\"_wpcf7_unit_tag\" value=\"wpcf7-f7132-o1\" \/><input type=\"hidden\" name=\"_wpcf7_container_post\" value=\"0\" \/><input type=\"hidden\" name=\"_wpcf7_posted_data_hash\" value=\"\" \/>\n<\/fieldset>\n<p><strong>First and last name<\/strong> (*obligatory)<br \/>\n<span class=\"wpcf7-form-control-wrap\" data-name=\"text-626\"><input size=\"40\" maxlength=\"400\" class=\"wpcf7-form-control wpcf7-text wpcf7-validates-as-required\" aria-required=\"true\" aria-invalid=\"false\" value=\"\" type=\"text\" name=\"text-626\" \/><\/span>\n<\/p>\n<p><strong>Your e-mail address<\/strong><br \/>\n<span class=\"wpcf7-form-control-wrap\" data-name=\"email-344\"><input size=\"40\" maxlength=\"400\" class=\"wpcf7-form-control wpcf7-email wpcf7-validates-as-required wpcf7-text wpcf7-validates-as-email\" aria-required=\"true\" aria-invalid=\"false\" value=\"\" type=\"email\" name=\"email-344\" \/><\/span>\n<\/p>\n<p><strong>Company\/Institution*<\/strong><br \/>\n<span class=\"wpcf7-form-control-wrap\" data-name=\"text-252\"><input size=\"40\" maxlength=\"400\" class=\"wpcf7-form-control wpcf7-text wpcf7-validates-as-required\" aria-required=\"true\" aria-invalid=\"false\" value=\"\" type=\"text\" name=\"text-252\" \/><\/span>\n<\/p>\n<p><strong>Please send me...<\/strong> (optional)<br \/>\n<span class=\"wpcf7-form-control-wrap\" data-name=\"checkbox-386\"><span class=\"wpcf7-form-control wpcf7-checkbox\"><span class=\"wpcf7-list-item first\"><input type=\"checkbox\" name=\"checkbox-386[]\" value=\"Planermappe\" \/><span class=\"wpcf7-list-item-label\">Planermappe<\/span><\/span><span class=\"wpcf7-list-item\"><input type=\"checkbox\" name=\"checkbox-386[]\" value=\"Angebot\" \/><span class=\"wpcf7-list-item-label\">Angebot<\/span><\/span><span class=\"wpcf7-list-item last\"><input type=\"checkbox\" name=\"checkbox-386[]\" value=\"Individuelle Verlegeempfehlung\" \/><span class=\"wpcf7-list-item-label\">Individuelle Verlegeempfehlung<\/span><\/span><\/span><\/span>\n<\/p>\n<p><strong>File attachment (floor plan\/roof structure or similar)<\/strong> (optional)<br \/>\n<span class=\"wpcf7-form-control-wrap\" data-name=\"file-319\"><input size=\"40\" class=\"wpcf7-form-control wpcf7-file\" accept=\"image\/*,.txt,application\/pdf\" aria-invalid=\"false\" type=\"file\" name=\"file-319\" \/><\/span><br \/>\n<span class=\"wpcf7-form-control-wrap\" data-name=\"file-341\"><input size=\"40\" class=\"wpcf7-form-control wpcf7-file\" accept=\"image\/*,.txt,application\/pdf\" aria-invalid=\"false\" type=\"file\" name=\"file-341\" \/><\/span>\n<\/p>\n<p><strong>Fl\u00e4chengr\u00f6\u00dfe in m<sup>2<\/sup> (optional)<\/strong><br \/>\n<span class=\"wpcf7-form-control-wrap\" data-name=\"number-399\"><input class=\"wpcf7-form-control wpcf7-number wpcf7-validates-as-number\" min=\"0\" max=\"100000\" aria-invalid=\"false\" value=\"\" type=\"number\" name=\"number-399\" \/><\/span>\n<\/p>\n<p>Security question<br \/>\n<span class=\"wpcf7-form-control-wrap\" data-name=\"quiz-136\"><label><span class=\"wpcf7-quiz-label\">The capital of Germany?<\/span> <input size=\"40\" class=\"wpcf7-form-control wpcf7-quiz\" autocomplete=\"off\" aria-required=\"true\" aria-invalid=\"false\" type=\"text\" name=\"quiz-136\" \/><\/label><input type=\"hidden\" name=\"_wpcf7_quiz_answer_quiz-136\" value=\"fddbed1576ff99a73a8b61273397c088\" \/><\/span>\n<\/p>\n<p><input class=\"wpcf7-form-control wpcf7-submit has-spinner\" type=\"submit\" value=\"Send\" \/>\n<\/p><div class=\"wpcf7-response-output\" aria-hidden=\"true\"><\/div>\n<input type=\"hidden\" name=\"trp-form-language\" value=\"en\"\/><\/form>\n<\/div>\n\n\t\t\t<\/div> \n\t\t<\/div>\n\t<\/div> \n\n\t<div  class=\"vc_col-sm-6 wpb_column column_container vc_column_container col no-extra-padding\"  data-padding-pos=\"all\" data-has-bg-color=\"false\" data-bg-color=\"\" data-bg-opacity=\"1\" data-animation=\"\" data-delay=\"0\" >\n\t\t<div class=\"vc_column-inner\" >\n\t\t\t<div class=\"wpb_wrapper\">\n\t\t\t\t\n<div class=\"wpb_text_column wpb_content_element  vc_custom_1509296393345\" >\n\t<div class=\"wpb_wrapper\">\n\t\t<p>We appreciate your interest. <strong>Tragen Sie Ihre Daten ein<\/strong> und wir versorgen Sie umgehend mit der Planermappe und weitergehenden Informationen zu Hum-ID.<\/p>\n\t<\/div>\n<\/div>\n\n\n\n<div class=\"img-with-aniamtion-wrap\" data-max-width=\"100%\" data-max-width-mobile=\"100%\" data-shadow=\"none\" data-animation=\"fade-in\" >\n      <div class=\"inner\">\n        <div class=\"hover-wrap\"> \n          <div class=\"hover-wrap-inner\">\n            <img loading=\"lazy\" decoding=\"async\" class=\"img-with-animation skip-lazy\" data-delay=\"0\" height=\"744\" width=\"886\" data-animation=\"fade-in\" src=\"https:\/\/www.hum-id.com\/wp-content\/uploads\/2018\/09\/dokumente-01.png\" alt=\"\" srcset=\"https:\/\/www.hum-id.com\/wp-content\/uploads\/2018\/09\/dokumente-01.png 886w, https:\/\/www.hum-id.com\/wp-content\/uploads\/2018\/09\/dokumente-01-600x504.png 600w, https:\/\/www.hum-id.com\/wp-content\/uploads\/2018\/09\/dokumente-01-300x252.png 300w, https:\/\/www.hum-id.com\/wp-content\/uploads\/2018\/09\/dokumente-01-768x645.png 768w\" sizes=\"auto, (max-width: 886px) 100vw, 886px\" \/>\n          <\/div>\n        <\/div>\n      <\/div>\n    <\/div>\n\t\t\t<\/div> \n\t\t<\/div>\n\t<\/div> \n<\/div><\/div>\n\t\t<div id=\"fws_6a06da8a672ca\"  data-column-margin=\"default\" data-midnight=\"dark\"  class=\"wpb_row vc_row-fluid vc_row\"  style=\"padding-top: 0px; padding-bottom: 0px; \"><div class=\"row-bg-wrap\" data-bg-animation=\"none\" data-bg-overlay=\"false\"><div class=\"inner-wrap\"><div class=\"row-bg viewport-desktop\"  style=\"\"><\/div><\/div><\/div><div class=\"row_col_wrap_12 col span_12 dark left\">\n\t<div  class=\"vc_col-sm-12 wpb_column column_container vc_column_container col no-extra-padding\"  data-padding-pos=\"all\" data-has-bg-color=\"false\" data-bg-color=\"\" data-bg-opacity=\"1\" data-animation=\"\" data-delay=\"0\" >\n\t\t<div class=\"vc_column-inner\" >\n\t\t\t<div class=\"wpb_wrapper\">\n\t\t\t\t\n\t<div class=\"wpb_raw_code wpb_content_element wpb_raw_html\" >\n\t\t<div class=\"wpb_wrapper\">\n\t\t\t<!-- Event snippet for Anfrage senden conversion page -->\n<script>\n  gtag('event', 'conversion', {'send_to': 'AW-979216203\/NMc2CKOluJcBEMvO9tID'});\n<\/script>\n\n\t\t<\/div>\n\t<\/div>\n\n\t\t\t<\/div> \n\t\t<\/div>\n\t<\/div> \n<\/div><\/div>","protected":false},"excerpt":{"rendered":"Ihr Vor- und Nachname* (* Pflichtfeld) Ihre Email-Adresse* Unternehmen\/Institution* Bitte senden Sie mir... (optional) PlanermappeAngebotIndividuelle Verlegeempfehlung Dateianhang (Grundriss\/Dachaufbau o.\u00e4.) (optional) Fl\u00e4chengr\u00f6\u00dfe in m2 (optional) Sicherheitsfrage Wie hei\u00dft die Hauptstadt von...","protected":false},"author":2,"featured_media":0,"parent":7478,"menu_order":19,"comment_status":"closed","ping_status":"closed","template":"","meta":{"footnotes":""},"class_list":["post-6141","page","type-page","status-publish"],"aioseo_notices":[],"_links":{"self":[{"href":"https:\/\/www.hum-id.com\/en\/wp-json\/wp\/v2\/pages\/6141","targetHints":{"allow":["GET"]}}],"collection":[{"href":"https:\/\/www.hum-id.com\/en\/wp-json\/wp\/v2\/pages"}],"about":[{"href":"https:\/\/www.hum-id.com\/en\/wp-json\/wp\/v2\/types\/page"}],"author":[{"embeddable":true,"href":"https:\/\/www.hum-id.com\/en\/wp-json\/wp\/v2\/users\/2"}],"replies":[{"embeddable":true,"href":"https:\/\/www.hum-id.com\/en\/wp-json\/wp\/v2\/comments?post=6141"}],"version-history":[{"count":2,"href":"https:\/\/www.hum-id.com\/en\/wp-json\/wp\/v2\/pages\/6141\/revisions"}],"predecessor-version":[{"id":13830,"href":"https:\/\/www.hum-id.com\/en\/wp-json\/wp\/v2\/pages\/6141\/revisions\/13830"}],"up":[{"embeddable":true,"href":"https:\/\/www.hum-id.com\/en\/wp-json\/wp\/v2\/pages\/7478"}],"wp:attachment":[{"href":"https:\/\/www.hum-id.com\/en\/wp-json\/wp\/v2\/media?parent=6141"}],"curies":[{"name":"wp","href":"https:\/\/api.w.org\/{rel}","templated":true}]}}