{"id":7667,"date":"2019-04-17T12:27:36","date_gmt":"2019-04-17T11:27:36","guid":{"rendered":"https:\/\/www.hum-id.com\/?page_id=7667"},"modified":"2025-09-16T08:46:00","modified_gmt":"2025-09-16T07:46:00","slug":"newsletter-abonnieren","status":"publish","type":"page","link":"https:\/\/www.hum-id.com\/en\/blog\/newsletter-abonnieren\/","title":{"rendered":"Newsletter"},"content":{"rendered":"\n\t\t<div id=\"fws_6a04c2a9adb7a\"  data-column-margin=\"default\" data-midnight=\"dark\"  class=\"wpb_row vc_row-fluid vc_row\"  style=\"padding-top: 0px; padding-bottom: 0px; \"><div class=\"row-bg-wrap\" data-bg-animation=\"none\" data-bg-overlay=\"false\"><div class=\"inner-wrap\"><div class=\"row-bg viewport-desktop\"  style=\"\"><\/div><\/div><\/div><div class=\"row_col_wrap_12 col span_12 dark left\">\n\t<div  class=\"vc_col-sm-12 wpb_column column_container vc_column_container col no-extra-padding inherit_tablet inherit_phone \"  data-padding-pos=\"all\" data-has-bg-color=\"false\" data-bg-color=\"\" data-bg-opacity=\"1\" data-animation=\"\" data-delay=\"0\" >\n\t\t<div class=\"vc_column-inner\" >\n\t\t\t<div class=\"wpb_wrapper\">\n\t\t\t\t\n<div class=\"wpb_text_column wpb_content_element \" >\n\t<div class=\"wpb_wrapper\">\n\t\t<h2>Bleiben Sie auf dem Laufenden.<\/h2>\n\t<\/div>\n<\/div>\n\n\n\n\n<div class=\"wpb_text_column wpb_content_element  wpb_animate_when_almost_visible wpb_bottom-to-top bottom-to-top vc_custom_1758008757167\" >\n\t<div class=\"wpb_wrapper\">\n\t\t<p><span style=\"color: #000000;\">Unser Newsletter erscheint 6 mal im Jahr. Wir berichten \u00fcber Produktneuheiten, aktuelle Pressereferenzen und Anwendererfahrungen. Selbstverst\u00e4ndlich k\u00f6nnen Sie sich jederzeit problemlos vom Newsletter wieder abmelden. Am Ende eines jeden Newsletters finden Sie einen entsprechenden Abmeldelink.<\/span><\/p>\n\t<\/div>\n<\/div>\n\n\n\n\n\t\t\t<\/div> \n\t\t<\/div>\n\t<\/div> \n<\/div><\/div>\n\t\t<div id=\"fws_6a04c2a9aed58\"  data-column-margin=\"default\" data-midnight=\"light\"  class=\"wpb_row vc_row-fluid vc_row full-width-section\"  style=\"padding-top: 0px; padding-bottom: 0px; \"><div class=\"row-bg-wrap\" data-bg-animation=\"none\" data-bg-overlay=\"false\"><div class=\"inner-wrap\"><div class=\"row-bg viewport-desktop using-bg-color\"  style=\"background-color: #217fd1; \"><\/div><\/div><\/div><div class=\"row_col_wrap_12 col span_12 light left\">\n\t<div  class=\"vc_col-sm-8 wpb_column column_container vc_column_container col no-extra-padding inherit_tablet inherit_phone \"  data-padding-pos=\"all\" data-has-bg-color=\"false\" data-bg-color=\"\" data-bg-opacity=\"1\" data-animation=\"\" data-delay=\"0\" >\n\t\t<div class=\"vc_column-inner\" >\n\t\t\t<div class=\"wpb_wrapper\">\n\t\t\t\t<div class=\"divider-wrap\" data-alignment=\"default\"><div style=\"height: 100px;\" class=\"divider\"><\/div><\/div>\n<div class=\"wpb_text_column wpb_content_element \" >\n\t<div class=\"wpb_wrapper\">\n\t\t<h1>Newsletter abonnieren<\/h1>\n\t<\/div>\n<\/div>\n\n\n\n<div class=\"divider-wrap\" data-alignment=\"default\"><div style=\"margin-top: 50px; width: 120px; height: 4px; margin-bottom: 50px;\" data-width=\"120\" data-animate=\"yes\" data-animation-delay=\"\" data-color=\"extra-color-3\" class=\"divider-small-border\"><\/div><\/div><div class=\"divider-wrap\" data-alignment=\"default\"><div style=\"height: 20px;\" class=\"divider\"><\/div><\/div>\n\t\t\t<\/div> \n\t\t<\/div>\n\t<\/div> \n\n\t<div  class=\"vc_col-sm-4 wpb_column column_container vc_column_container col no-extra-padding inherit_tablet inherit_phone \"  data-padding-pos=\"all\" data-has-bg-color=\"false\" data-bg-color=\"\" data-bg-opacity=\"1\" data-animation=\"\" data-delay=\"0\" >\n\t\t<div class=\"vc_column-inner\" >\n\t\t\t<div class=\"wpb_wrapper\">\n\t\t\t\t<div class=\"divider-wrap\" data-alignment=\"default\"><div style=\"height: 50px;\" class=\"divider\"><\/div><\/div><div class=\"nectar_icon_wrap \" data-draw=\"true\" data-style=\"default\" data-padding=\"20px\" data-color=\"extra-color-3\" style=\"\" >\n\t\t<div class=\"nectar_icon\" ><span class=\"svg-icon-holder\" data-size=\"120\" data-animation-speed=\"slow\" data-animation=\"true\" data-animation-delay=\"\" data-color=\"extra-color-3\"><span><!-- Generator: Adobe Illustrator 16.0.0, SVG Export Plug-In . SVG Version: 6.00 Build 0)  -->\n<svg version=\"1.1\"  xmlns=\"http:\/\/www.w3.org\/2000\/svg\" xmlns:xlink=\"http:\/\/www.w3.org\/1999\/xlink\" x=\"0px\" y=\"0px\"\n\t width=\"64px\" height=\"64px\" viewBox=\"0 0 64 64\" enable-background=\"new 0 0 64 64\" xml:space=\"preserve\">\n<g>\n\t<polyline fill=\"none\" stroke=\"#000000\" stroke-width=\"2\" stroke-miterlimit=\"10\" points=\"1,26 32,45.434 63,26 \t\"\/>\n\t<polyline fill=\"none\" stroke=\"#000000\" stroke-width=\"2\" stroke-miterlimit=\"10\" points=\"11.334,21.667 1,26 1,63 63,63 63,26 \n\t\t63,26 52.666,21.667 \t\"\/>\n\t<polyline fill=\"none\" stroke=\"#000000\" stroke-width=\"2\" stroke-miterlimit=\"10\" points=\"11,32 11,1 53,1 53,32 \t\"\/>\n<\/g>\n<polygon fill=\"none\" stroke=\"#000000\" stroke-width=\"2\" stroke-linejoin=\"round\" stroke-miterlimit=\"10\" points=\"32,27 25.875,31 \n\t28,24 22,20 29.213,20 32,12 35,20 42,20 36,24 37.938,31 \"\/>\n<\/svg>\n<\/span><\/span><\/div>\n\t<\/div>\n\t\t\t<\/div> \n\t\t<\/div>\n\t<\/div> \n<\/div><\/div>\n\t\t<div id=\"fws_6a04c2a9bd534\"  data-column-margin=\"default\" data-midnight=\"dark\" data-top-percent=\"10%\" data-bottom-percent=\"5%\"  class=\"wpb_row vc_row-fluid vc_row full-width-section vc_row-o-equal-height vc_row-flex vc_row-o-content-middle\"  style=\"padding-top: calc(100vw * 0.10); padding-bottom: calc(100vw * 0.05); \"><div class=\"row-bg-wrap\" data-bg-animation=\"none\" data-bg-overlay=\"false\"><div class=\"inner-wrap\"><div class=\"row-bg viewport-desktop\"  style=\"\"><\/div><\/div><\/div><div class=\"row_col_wrap_12 col span_12 dark left\">\n\t<div  class=\"vc_col-sm-6 wpb_column column_container vc_column_container col padding-2-percent inherit_tablet inherit_phone \"  data-padding-pos=\"left-right\" data-has-bg-color=\"false\" data-bg-color=\"\" data-bg-opacity=\"1\" data-animation=\"\" data-delay=\"0\" >\n\t\t<div class=\"vc_column-inner\" >\n\t\t\t<div class=\"wpb_wrapper\">\n\t\t\t\t<div class=\"img-with-aniamtion-wrap right\" data-max-width=\"175%\" data-max-width-mobile=\"default\" data-shadow=\"none\" data-animation=\"fade-in-from-left\" >\n      <div class=\"inner\">\n        <div class=\"hover-wrap\"> \n          <div class=\"hover-wrap-inner\">\n            <img loading=\"lazy\" decoding=\"async\" class=\"img-with-animation skip-lazy \" data-delay=\"0\" height=\"858\" width=\"1200\" data-animation=\"fade-in-from-left\" src=\"https:\/\/www.hum-id.com\/wp-content\/uploads\/2019\/04\/ipad-hor.png\" alt=\"\" srcset=\"https:\/\/www.hum-id.com\/wp-content\/uploads\/2019\/04\/ipad-hor.png 1200w, https:\/\/www.hum-id.com\/wp-content\/uploads\/2019\/04\/ipad-hor-600x429.png 600w, https:\/\/www.hum-id.com\/wp-content\/uploads\/2019\/04\/ipad-hor-300x215.png 300w, https:\/\/www.hum-id.com\/wp-content\/uploads\/2019\/04\/ipad-hor-768x549.png 768w, https:\/\/www.hum-id.com\/wp-content\/uploads\/2019\/04\/ipad-hor-1024x732.png 1024w\" sizes=\"auto, (max-width: 1200px) 100vw, 1200px\" \/>\n          <\/div>\n        <\/div>\n      <\/div>\n    <\/div>\n\t\t\t<\/div> \n\t\t<\/div>\n\t<\/div> \n\n\t<div  class=\"vc_col-sm-6 wpb_column column_container vc_column_container col no-extra-padding inherit_tablet inherit_phone \"  data-padding-pos=\"all\" data-has-bg-color=\"false\" data-bg-color=\"\" data-bg-opacity=\"1\" data-animation=\"\" data-delay=\"0\" >\n\t\t<div class=\"vc_column-inner\" >\n\t\t\t<div class=\"wpb_wrapper\">\n\t\t\t\t\n<div class=\"wpb_text_column wpb_content_element \" >\n\t<div class=\"wpb_wrapper\">\n\t\t<p>[ninja_form id=&#8217;30&#8216;]<\/p>\n\t<\/div>\n<\/div>\n\n\n\n\n\t\t\t<\/div> \n\t\t<\/div>\n\t<\/div> \n<\/div><\/div>\n","protected":false},"excerpt":{"rendered":"Bleiben Sie auf dem Laufenden. Unser Newsletter erscheint 6 mal im Jahr. Wir berichten \u00fcber Produktneuheiten, aktuelle Pressereferenzen und Anwendererfahrungen. Selbstverst\u00e4ndlich k\u00f6nnen Sie sich jederzeit problemlos vom Newsletter wieder abmelden....","protected":false},"author":2,"featured_media":0,"parent":6578,"menu_order":2,"comment_status":"closed","ping_status":"closed","template":"","meta":{"footnotes":""},"class_list":["post-7667","page","type-page","status-publish"],"aioseo_notices":[],"_links":{"self":[{"href":"https:\/\/www.hum-id.com\/en\/wp-json\/wp\/v2\/pages\/7667","targetHints":{"allow":["GET"]}}],"collection":[{"href":"https:\/\/www.hum-id.com\/en\/wp-json\/wp\/v2\/pages"}],"about":[{"href":"https:\/\/www.hum-id.com\/en\/wp-json\/wp\/v2\/types\/page"}],"author":[{"embeddable":true,"href":"https:\/\/www.hum-id.com\/en\/wp-json\/wp\/v2\/users\/2"}],"replies":[{"embeddable":true,"href":"https:\/\/www.hum-id.com\/en\/wp-json\/wp\/v2\/comments?post=7667"}],"version-history":[{"count":3,"href":"https:\/\/www.hum-id.com\/en\/wp-json\/wp\/v2\/pages\/7667\/revisions"}],"predecessor-version":[{"id":20225,"href":"https:\/\/www.hum-id.com\/en\/wp-json\/wp\/v2\/pages\/7667\/revisions\/20225"}],"up":[{"embeddable":true,"href":"https:\/\/www.hum-id.com\/en\/wp-json\/wp\/v2\/pages\/6578"}],"wp:attachment":[{"href":"https:\/\/www.hum-id.com\/en\/wp-json\/wp\/v2\/media?parent=7667"}],"curies":[{"name":"wp","href":"https:\/\/api.w.org\/{rel}","templated":true}]}}