{"id":9319,"date":"2020-08-17T16:19:53","date_gmt":"2020-08-17T15:19:53","guid":{"rendered":"https:\/\/www.hum-id.com\/versand__lieferung\/"},"modified":"2022-08-31T11:51:12","modified_gmt":"2022-08-31T10:51:12","slug":"versand__lieferung","status":"publish","type":"page","link":"https:\/\/www.hum-id.com\/en\/shop-2\/versand__lieferung\/","title":{"rendered":"Shop Versand &#038; Lieferung"},"content":{"rendered":"<div id=\"fws_69e9e3102bc4c\"  data-column-margin=\"default\" data-midnight=\"dark\"  class=\"wpb_row vc_row-fluid vc_row\"  style=\"padding-top: 0px; padding-bottom: 0px; \"><div class=\"row-bg-wrap\" data-bg-animation=\"none\" data-bg-overlay=\"false\"><div class=\"inner-wrap\"><div class=\"row-bg viewport-desktop\"  style=\"\"><\/div><\/div><\/div><div class=\"row_col_wrap_12 col span_12 dark left\">\n\t<div  class=\"vc_col-sm-12 wpb_column column_container vc_column_container col no-extra-padding inherit_tablet inherit_phone\"  data-padding-pos=\"all\" data-has-bg-color=\"false\" data-bg-color=\"\" data-bg-opacity=\"1\" data-animation=\"\" data-delay=\"0\" >\n\t\t<div class=\"vc_column-inner\" >\n\t\t\t<div class=\"wpb_wrapper\">\n\t\t\t\t\n<div class=\"wpb_text_column wpb_content_element\" >\n\t<div class=\"wpb_wrapper\">\n\t\t<p><strong>Aktuell liefern wir \u00fcber unseren Online-Shop ausgew\u00e4hlte HUM-ID Produkte ausschlie\u00dflich nach Deutschland. Wenden Sie sich an unsere Handelspartner im Ausland, um HUM-ID Produkte auch au\u00dferhalb von Deutschland zu erwerben. Eine \u00dcbersicht unserer Handelspartner im Ausland finden Sie <a href=\"\/en\/kontakt\/hum-id-vertriebspartner\/\">hier<\/a>.<\/strong><\/p>\n<p><strong>Preise, Versandkosten und Lieferinformationen<\/strong><\/p>\n<p>Die auf den Produktseiten genannten Preise enthalten die gesetzliche Mehrwertsteuer und sonstige Preisbestandteile.<\/p>\n<p>Zus\u00e4tzlich zu den angegebenen Preisen berechnen wir f\u00fcr die Lieferung innerhalb Deutschlands Versandkosten. Die Versandkosten variieren mit dem Gewicht der Fracht und werden Ihnen im Warenkorbsystem und auf der Bestellseite nochmals deutlich mitgeteilt.<\/p>\n<p>F\u00fcr digitale Inhalte (E-Books, Software, etc.) fallen keine Versandkosten an.<\/p>\n<p>Sofern sich aus der Auftragsbest\u00e4tigung nichts anderes ergibt, gelten unsere Preise \u201eab Lager\u201c oder \u201eab Werk\u201c gem. incoterms 2010 (exW), also ausschlie\u00dflich Versandkosten, Zoll, Verpackung und zuz\u00fcglich der jeweils g\u00fcltigen Mehrwertsteuer.<\/p>\n\t<\/div>\n<\/div>\n\n\n\n\n\t\t\t<\/div> \n\t\t<\/div>\n\t<\/div> \n<\/div><\/div>","protected":false},"excerpt":{"rendered":"Aktuell liefern wir \u00fcber unseren Online-Shop ausgew\u00e4hlte HUM-ID Produkte ausschlie\u00dflich nach Deutschland. Wenden Sie sich an unsere Handelspartner im Ausland, um HUM-ID Produkte auch au\u00dferhalb von Deutschland zu erwerben. Eine...","protected":false},"author":2,"featured_media":0,"parent":7100,"menu_order":2,"comment_status":"closed","ping_status":"closed","template":"","meta":{"footnotes":""},"class_list":["post-9319","page","type-page","status-publish"],"aioseo_notices":[],"_links":{"self":[{"href":"https:\/\/www.hum-id.com\/en\/wp-json\/wp\/v2\/pages\/9319","targetHints":{"allow":["GET"]}}],"collection":[{"href":"https:\/\/www.hum-id.com\/en\/wp-json\/wp\/v2\/pages"}],"about":[{"href":"https:\/\/www.hum-id.com\/en\/wp-json\/wp\/v2\/types\/page"}],"author":[{"embeddable":true,"href":"https:\/\/www.hum-id.com\/en\/wp-json\/wp\/v2\/users\/2"}],"replies":[{"embeddable":true,"href":"https:\/\/www.hum-id.com\/en\/wp-json\/wp\/v2\/comments?post=9319"}],"version-history":[{"count":1,"href":"https:\/\/www.hum-id.com\/en\/wp-json\/wp\/v2\/pages\/9319\/revisions"}],"predecessor-version":[{"id":13692,"href":"https:\/\/www.hum-id.com\/en\/wp-json\/wp\/v2\/pages\/9319\/revisions\/13692"}],"up":[{"embeddable":true,"href":"https:\/\/www.hum-id.com\/en\/wp-json\/wp\/v2\/pages\/7100"}],"wp:attachment":[{"href":"https:\/\/www.hum-id.com\/en\/wp-json\/wp\/v2\/media?parent=9319"}],"curies":[{"name":"wp","href":"https:\/\/api.w.org\/{rel}","templated":true}]}}